{"id":51,"date":"2026-04-09T19:52:35","date_gmt":"2026-04-09T19:52:35","guid":{"rendered":"https:\/\/primmoplusbau.de\/?page_id=51"},"modified":"2026-04-09T19:52:43","modified_gmt":"2026-04-09T19:52:43","slug":"ueberuns","status":"publish","type":"page","link":"https:\/\/primmoplusbau.de\/?page_id=51","title":{"rendered":"\u00fcberuns"},"content":{"rendered":"\n  \n    <section class=\"u-clearfix u-custom-color-4 u-valign-middle-md u-valign-middle-sm u-valign-middle-xl u-valign-middle-xs u-section-1\" id=\"block-3\">\n      <div class=\"custom-expanded data-layout-selected u-clearfix u-layout-wrap u-layout-wrap-1\">\n        <div class=\"u-layout\">\n          <div class=\"u-layout-row\">\n            <div class=\"u-container-align-left u-container-style u-layout-cell u-size-24-lg u-size-24-xl u-size-60-md u-size-60-sm u-size-60-xs u-layout-cell-1\">\n              <div class=\"u-container-layout u-valign-middle-lg u-valign-middle-sm u-container-layout-1\">\n                <h1 class=\"u-align-left u-custom-font u-font-raleway u-text u-text-default u-text-1\"> WAS WIR MACHEN<\/h1>\n                <p class=\"u-align-left u-text u-text-default u-text-2\"> Die Angebotspalette unseres Unternehmens bietet Projektentwicklung&nbsp;sowie die Vermarktung und den professionellen Verkauf von Immobilien zwischen Freiburg bis Karlsruhe, aber auch anderen Regionen in ganz Deutschland an.<\/p>\n              <\/div>\n            <\/div>\n            <div class=\"u-container-align-center u-container-style u-image u-layout-cell u-size-36-lg u-size-36-xl u-size-60-md u-size-60-sm u-size-60-xs u-image-1\" data-image-width=\"2560\" data-image-height=\"1607\" style=\"background-image: url(&quot;https:\/\/primmoplusbau.de\/wp-content\/uploads\/2026\/04\/AdobeStock_217569593-scaled-1.jpeg&quot;);\">\n              <div class=\"u-container-layout u-valign-bottom u-container-layout-2\"><\/div>\n            <\/div>\n          <\/div>\n        <\/div>\n      <\/div>\n    <\/section>\n    <section class=\"u-clearfix u-section-2\" id=\"block-1\">\n      <div class=\"u-clearfix u-sheet u-valign-middle-xl u-sheet-1\">\n        <div class=\"data-layout-selected u-clearfix u-expanded-width u-layout-wrap u-layout-wrap-1\">\n          <div class=\"u-layout\">\n            <div class=\"u-layout-row\">\n              <div class=\"u-size-30\">\n                <div class=\"u-layout-col\">\n                  <div class=\"u-container-style u-layout-cell u-size-60 u-layout-cell-1\">\n                    <div class=\"u-container-layout u-container-layout-1\">\n                      <p class=\"u-text u-text-default u-text-1\"> Wir betreuen, realisieren und vermarkten Projekte an Selbstnutzer und Kapitalanleger. Hierzu z\u00e4hlen sowohl Neubauobjekte als auch Bestandsimmobilien wie beispielsweise Mehrfamilienh\u00e4user, Reihenh\u00e4user, Doppelh\u00e4user und Gewerbeimmobilien. Einer unserer Gesch\u00e4ftsgrunds\u00e4tze besteht darin, die von uns \u00fcbernommenen Auftr\u00e4ge, unter Einhaltung der Standesregeln des Immobilien-Managements, zur vollsten Zufriedenheit unserer Auftraggeber und der Kaufinteressenten auszuf\u00fchren.<br>\n                        <br>Fachkompetenz, Diskretion und Loyalit\u00e4t sind als Makler wichtige Bestandteile unserer Unternehmensphilosophie. Die Interessen und die Zufriedenheit unserer Kunden stehen f\u00fcr uns an erster Stelle.\n                      <\/p>\n                    <\/div>\n                  <\/div>\n                <\/div>\n              <\/div>\n              <div class=\"u-size-30\">\n                <div class=\"u-layout-col\">\n                  <div class=\"u-container-style u-layout-cell u-size-30 u-layout-cell-2\">\n                    <div class=\"u-container-layout u-container-layout-2\">\n                      <p class=\"u-text u-text-default u-text-2\"> Motivierte Mitarbeiter sind das R\u00fcckgrat eines erfolgreichen Immobilienberaters. Unser Team arbeitet mit Leidenschaft daran, Ihnen immer den bestm\u00f6glichen Service zu bieten.Wir freuen uns auf Sie!<\/p>\n                    <\/div>\n                  <\/div>\n                  <div class=\"u-container-style u-layout-cell u-size-30 u-layout-cell-3\">\n                    <div class=\"u-container-layout u-valign-top-xl u-container-layout-3\">\n                      <img decoding=\"async\" class=\"u-image u-image-contain u-image-default u-preserve-proportions u-image-1\" src=\"https:\/\/primmoplusbau.de\/wp-content\/uploads\/2026\/04\/Opera-Momentaufnahme_2018-09-27_095805_www.primmoplus.de_-150x150-1.png\" alt=\"\" data-image-width=\"150\" data-image-height=\"150\">\n                      <p class=\"u-text u-text-default u-text-3\">Ihr Artur Schleicher <\/p>\n                    <\/div>\n                  <\/div>\n                <\/div>\n              <\/div>\n            <\/div>\n          <\/div>\n        <\/div>\n      <\/div>\n    <\/section>\n    <section class=\"u-align-center u-clearfix u-container-align-center u-container-align-center-lg u-container-align-center-md u-container-align-center-xl u-grey-5 u-section-3\" id=\"block-5\">\n      <div class=\"u-clearfix u-sheet u-sheet-1\">\n        <h2 class=\"u-align-center u-custom-font u-font-montserrat u-text u-text-default u-text-1\" data-animation-name=\"customAnimationIn\" data-animation-duration=\"1500\"> UNSERE F\u00c4HIGKEITEN<\/h2>\n        <div class=\"u-expanded-width u-list u-list-1\">\n          <div class=\"u-repeater u-repeater-1\">\n            <div class=\"u-container-style u-list-item u-radius u-repeater-item u-shape-round u-white u-list-item-1\">\n              <div class=\"u-container-layout u-similar-container u-container-layout-1\">\n                <h3 class=\"u-align-center u-custom-font u-text u-text-font u-text-palette-1-base u-text-2\">1<\/h3>\n                <h4 class=\"u-hover-feature u-text u-text-palette-3-base u-text-3\"> WERTERMITTLUNG<\/h4>\n              <\/div>\n            <\/div>\n            <div class=\"u-container-style u-list-item u-radius u-repeater-item u-shape-round u-white u-list-item-2\">\n              <div class=\"u-container-layout u-similar-container u-container-layout-2\">\n                <h3 class=\"u-align-center u-custom-font u-text u-text-font u-text-palette-1-base u-text-4\">2<\/h3>\n                <h4 class=\"u-hover-feature u-text u-text-palette-3-base u-text-5\"> PROJEKTENTWICKLUNG<\/h4>\n              <\/div>\n            <\/div>\n            <div class=\"u-container-style u-list-item u-radius u-repeater-item u-shape-round u-white u-list-item-3\">\n              <div class=\"u-container-layout u-similar-container u-container-layout-3\">\n                <h3 class=\"u-align-center u-custom-font u-text u-text-font u-text-palette-1-base u-text-6\">3<\/h3>\n                <h4 class=\"u-hover-feature u-text u-text-palette-3-base u-text-7\"> IMMOBILIENVERKAUF<\/h4>\n              <\/div>\n            <\/div>\n            <div class=\"u-container-style u-list-item u-radius u-repeater-item u-shape-round u-white u-list-item-4\">\n              <div class=\"u-container-layout u-similar-container u-container-layout-4\">\n                <h3 class=\"u-align-center u-custom-font u-text u-text-font u-text-palette-1-base u-text-8\">4<\/h3>\n                <h4 class=\"u-hover-feature u-text u-text-palette-3-base u-text-9\"> AFTER-SALES-SERVICE<\/h4>\n              <\/div>\n            <\/div>\n            <div class=\"u-container-style u-list-item u-radius u-repeater-item u-shape-round u-white u-list-item-5\">\n              <div class=\"u-container-layout u-similar-container u-container-layout-5\">\n                <h3 class=\"u-align-center u-custom-font u-text u-text-font u-text-palette-1-base u-text-10\">5<\/h3>\n                <h4 class=\"u-hover-feature u-text u-text-palette-3-base u-text-11\"> IMMOBILIENVERMIETUNG<\/h4>\n              <\/div>\n            <\/div>\n            <div class=\"u-container-style u-list-item u-radius u-repeater-item u-shape-round u-white u-list-item-6\">\n              <div class=\"u-container-layout u-similar-container u-container-layout-6\">\n                <h3 class=\"u-align-center u-custom-font u-text u-text-font u-text-palette-1-base u-text-12\">6<\/h3>\n                <h4 class=\"u-hover-feature u-text u-text-palette-3-base u-text-13\"> RUNDUM KUNDENBETREUUNG<\/h4>\n              <\/div>\n            <\/div>\n          <\/div>\n        <\/div>\n      <\/div>\n      \n      \n      \n      \n      \n      \n      \n      \n    <\/section>\n    <section class=\"u-clearfix u-container-align-center u-white u-section-4\" id=\"block-7\">\n      <div class=\"u-clearfix u-sheet u-valign-middle-lg u-valign-middle-md u-valign-middle-xl u-valign-middle-xs u-sheet-1\">\n        <div class=\"data-layout-selected u-clearfix u-expanded-width u-gutter-10 u-layout-wrap u-layout-wrap-1\">\n          <div class=\"u-layout\" style=\"\">\n            <div class=\"u-layout-row\" style=\"\">\n              <div class=\"u-container-style u-layout-cell u-left-cell u-size-30 u-size-xs-60 u-layout-cell-1\" src=\"\">\n                <div class=\"u-container-layout u-valign-middle-lg u-valign-middle-md u-valign-middle-xs u-container-layout-1\">\n                  <h2 class=\"u-align-center u-text u-text-default u-text-1\"> UNSER TEAM<\/h2>\n                  <p class=\"u-align-left u-text u-text-2\"> Jeder unserer Mitarbeiter ist auf ein bestimmtes Gebiet zwischen Freiburg und Karlsruhe spezialisiert.So k\u00f6nnen wir flexibel und ausf\u00fchrlich auf Ihre W\u00fcnsche sowie Interessen eingehen.<br>\n                    <br>\n                  <\/p>\n                <\/div>\n              <\/div>\n              <div class=\"u-align-center u-container-align-center u-container-style u-hover-feature u-image u-layout-cell u-right-cell u-size-30 u-size-xs-60 u-image-1\" src=\"\" data-image-width=\"1184\" data-image-height=\"864\" style=\"background-image: url(&quot;https:\/\/primmoplusbau.de\/wp-content\/uploads\/2026\/04\/Firefly_Gemini-Flash_business-team-gezeichnet-338264.png&quot;);\">\n                <div class=\"u-container-layout u-valign-middle u-container-layout-2\" src=\"\"><\/div>\n              <\/div>\n            <\/div>\n          <\/div>\n        <\/div>\n      <\/div>\n      \n    <\/section>\n    <section class=\"u-clearfix u-grey-5 u-section-5\" id=\"block-8\">\n      <div class=\"u-clearfix u-sheet u-sheet-1\">\n        <div class=\"data-layout-selected u-clearfix u-expanded-width u-layout-wrap u-layout-wrap-1\">\n          <div class=\"u-layout\">\n            <div class=\"u-layout-row\">\n              <div class=\"u-container-style u-layout-cell u-size-30 u-layout-cell-1\">\n                <div class=\"u-container-layout u-valign-top-xl u-container-layout-1\">\n                  <h1 class=\"u-align-left u-custom-font u-font-raleway u-text u-text-default u-text-1\"> Unser Einsatzgebiet<\/h1>\n                <\/div>\n              <\/div>\n              <div class=\"u-container-style u-layout-cell u-size-30 u-layout-cell-2\">\n                <div class=\"u-container-layout u-container-layout-2\">\n                  <p class=\"u-text u-text-default u-text-2\">Unser Firmenstandort befindet sich mittig gelegen, im wundersch\u00f6nen Offenburg. Mithilfe unseres Netzwerks an Partnern haben wir aber auch stets Immobilien au\u00dferhalb vom Ortenaukreis.<\/p>\n                <\/div>\n              <\/div>\n            <\/div>\n          <\/div>\n        <\/div>\n      <\/div>\n    <\/section>\n    <section class=\"u-clearfix u-grey-5 u-section-6\" id=\"block-9\">\n      <div class=\"u-clearfix u-sheet u-valign-middle-xs u-sheet-1\">\n        <div class=\"u-expanded-width u-list u-list-1\">\n          <div class=\"u-repeater u-repeater-1\">\n            <div class=\"u-align-center u-border-2 u-border-grey-10 u-container-align-center u-container-style u-grey-5 u-list-item u-radius u-repeater-item u-shape-round u-list-item-1\">\n              <div class=\"u-container-layout u-similar-container u-valign-top-xl u-container-layout-1\">\n                <img decoding=\"async\" class=\"custom-expanded u-hover-feature u-image u-image-round u-radius u-image-1\" src=\"https:\/\/primmoplusbau.de\/wp-content\/uploads\/2026\/04\/Bildschirmfoto2026-02-28um12.59.48.png\" data-image-width=\"534\" data-image-height=\"396\">\n                <p class=\"u-custom-font u-font-montserrat u-text u-text-1\">Schwarzwald<span style=\"font-weight: 700;\"><\/span>\n                <\/p>\n                <p class=\"u-text u-text-2\">Leben in einer der sch\u00f6nsten Regionen Europas.<\/p>\n              <\/div>\n            <\/div>\n            <div class=\"u-align-center u-border-2 u-border-grey-10 u-container-align-center u-container-style u-grey-5 u-list-item u-radius u-repeater-item u-shape-round u-list-item-2\">\n              <div class=\"u-container-layout u-similar-container u-valign-top-xl u-container-layout-2\">\n                <img decoding=\"async\" class=\"custom-expanded u-hover-feature u-image u-image-round u-radius u-image-2\" src=\"https:\/\/primmoplusbau.de\/wp-content\/uploads\/2026\/04\/Bildschirmfoto2026-02-28um13.00.05.png\" data-image-width=\"524\" data-image-height=\"406\">\n                <p class=\"u-custom-font u-font-montserrat u-text u-text-3\"> Rastatt <\/p>\n                <p class=\"u-text u-text-4\">Barockstadt mit kultureller Vielfalt.<\/p>\n              <\/div>\n            <\/div>\n            <div class=\"u-align-center u-border-2 u-border-grey-10 u-container-align-center u-container-style u-grey-5 u-list-item u-radius u-repeater-item u-shape-round u-list-item-3\">\n              <div class=\"u-container-layout u-similar-container u-valign-top-xl u-container-layout-3\">\n                <img decoding=\"async\" class=\"custom-expanded u-hover-feature u-image u-image-round u-radius u-image-3\" src=\"https:\/\/primmoplusbau.de\/wp-content\/uploads\/2026\/04\/Bildschirmfoto2026-02-28um13.00.19.png\" data-image-width=\"532\" data-image-height=\"354\">\n                <p class=\"u-custom-font u-font-montserrat u-text u-text-5\"> Mannheim<\/p>\n                <p class=\"u-text u-text-6\"> Ein begehrter Wohnstandort mit hoher Lebensqualit\u00e4t.<\/p>\n              <\/div>\n            <\/div>\n            <div class=\"u-align-center u-border-2 u-border-grey-10 u-container-align-center u-container-style u-grey-5 u-list-item u-radius u-repeater-item u-shape-round u-list-item-4\">\n              <div class=\"u-container-layout u-similar-container u-valign-top-xl u-container-layout-4\">\n                <img decoding=\"async\" class=\"custom-expanded u-hover-feature u-image u-image-round u-radius u-image-4\" src=\"https:\/\/primmoplusbau.de\/wp-content\/uploads\/2026\/04\/Bildschirmfoto2026-02-28um13.00.40.png\" data-image-width=\"510\" data-image-height=\"346\">\n                <p class=\"u-custom-font u-font-montserrat u-text u-text-7\"> Kehl und Stra\u00dfburg<\/p>\n                <p class=\"u-text u-text-8\">Ein gro\u00dfartiges Kulturangebot direkt am Rhein.<\/p>\n              <\/div>\n            <\/div>\n            <div class=\"u-align-center u-border-2 u-border-grey-10 u-container-align-center u-container-style u-grey-5 u-list-item u-radius u-repeater-item u-shape-round u-list-item-5\">\n              <div class=\"u-container-layout u-similar-container u-valign-top-xl u-container-layout-5\">\n                <img decoding=\"async\" class=\"custom-expanded u-hover-feature u-image u-image-round u-radius u-image-5\" src=\"https:\/\/primmoplusbau.de\/wp-content\/uploads\/2026\/04\/Bildschirmfoto2026-02-28um13.01.18.png\" data-image-width=\"526\" data-image-height=\"348\">\n                <p class=\"u-custom-font u-font-montserrat u-text u-text-9\"> Dreil\u00e4ndereck <\/p>\n                <p class=\"u-text u-text-10\">Die perfekte Kapitalanlage.<\/p>\n              <\/div>\n            <\/div>\n            <div class=\"u-align-center u-border-2 u-border-grey-10 u-container-align-center u-container-style u-grey-5 u-list-item u-radius u-repeater-item u-shape-round u-list-item-6\">\n              <div class=\"u-container-layout u-similar-container u-valign-top-xl u-container-layout-6\">\n                <img decoding=\"async\" class=\"custom-expanded u-hover-feature u-image u-image-round u-radius u-image-6\" src=\"https:\/\/primmoplusbau.de\/wp-content\/uploads\/2026\/04\/Bildschirmfoto2026-02-28um13.01.02.png\" data-image-width=\"530\" data-image-height=\"350\">\n                <p class=\"u-custom-font u-font-montserrat u-text u-text-11\"> Freiburg&nbsp;<\/p>\n                <p class=\"u-text u-text-12\">Die wundersch\u00f6ne \u201eGreen City\u201c<\/p>\n              <\/div>\n            <\/div>\n            <div class=\"u-align-center u-border-2 u-border-grey-10 u-container-align-center u-container-style u-grey-5 u-list-item u-radius u-repeater-item u-shape-round u-list-item-7\">\n              <div class=\"u-container-layout u-similar-container u-valign-top-xl u-container-layout-7\">\n                <img decoding=\"async\" class=\"custom-expanded u-hover-feature u-image u-image-round u-radius u-image-7\" src=\"https:\/\/primmoplusbau.de\/wp-content\/uploads\/2026\/04\/Bildschirmfoto2026-02-28um13.01.47.png\" data-image-width=\"516\" data-image-height=\"350\">\n                <p class=\"u-custom-font u-font-montserrat u-text u-text-13\"> Baden-Baden<\/p>\n                <p class=\"u-text u-text-14\"> Die Weltstadt im Schwarzwald!<\/p>\n              <\/div>\n            <\/div>\n            <div class=\"u-align-center u-border-2 u-border-grey-10 u-container-align-center u-container-style u-grey-5 u-list-item u-radius u-repeater-item u-shape-round u-list-item-8\">\n              <div class=\"u-container-layout u-similar-container u-valign-top-xl u-container-layout-8\">\n                <img decoding=\"async\" class=\"custom-expanded u-hover-feature u-image u-image-round u-radius u-image-8\" src=\"https:\/\/primmoplusbau.de\/wp-content\/uploads\/2026\/04\/Bildschirmfoto2026-02-28um13.01.34.png\" data-image-width=\"534\" data-image-height=\"350\">\n                <p class=\"u-custom-font u-font-montserrat u-text u-text-15\"> Ettenheim<\/p>\n                <p class=\"u-text u-text-16\"> Die Perle Badens<\/p>\n              <\/div>\n            <\/div>\n          <\/div>\n        <\/div>\n      <\/div>\n      \n      \n      \n      \n      \n      \n      \n      \n      \n      \n      \n      \n      \n      \n      \n      \n      \n      \n      \n    <\/section>\n    \n    \n    \n    \n    \n  \n","protected":false},"excerpt":{"rendered":"<p>WAS WIR MACHEN Die Angebotspalette unseres Unternehmens bietet Projektentwicklung&nbsp;sowie die Vermarktung und den professionellen Verkauf von Immobilien zwischen Freiburg bis Karlsruhe, aber auch anderen Regionen in ganz Deutschland an. Wir betreuen, realisieren und vermarkten Projekte an Selbstnutzer und Kapitalanleger. Hierzu z\u00e4hlen sowohl Neubauobjekte als auch Bestandsimmobilien wie beispielsweise Mehrfamilienh\u00e4user, Reihenh\u00e4user, Doppelh\u00e4user und Gewerbeimmobilien. Einer unserer &hellip; <a href=\"https:\/\/primmoplusbau.de\/?page_id=51\" class=\"more-link\">Continue reading<span class=\"screen-reader-text\"> &#8222;\u00fcberuns&#8220;<\/span><\/a><\/p>\n","protected":false},"author":1,"featured_media":0,"parent":0,"menu_order":1,"comment_status":"closed","ping_status":"closed","template":"","meta":{"footnotes":""},"class_list":["post-51","page","type-page","status-publish","hentry"],"_links":{"self":[{"href":"https:\/\/primmoplusbau.de\/index.php?rest_route=\/wp\/v2\/pages\/51","targetHints":{"allow":["GET"]}}],"collection":[{"href":"https:\/\/primmoplusbau.de\/index.php?rest_route=\/wp\/v2\/pages"}],"about":[{"href":"https:\/\/primmoplusbau.de\/index.php?rest_route=\/wp\/v2\/types\/page"}],"author":[{"embeddable":true,"href":"https:\/\/primmoplusbau.de\/index.php?rest_route=\/wp\/v2\/users\/1"}],"replies":[{"embeddable":true,"href":"https:\/\/primmoplusbau.de\/index.php?rest_route=%2Fwp%2Fv2%2Fcomments&post=51"}],"version-history":[{"count":1,"href":"https:\/\/primmoplusbau.de\/index.php?rest_route=\/wp\/v2\/pages\/51\/revisions"}],"predecessor-version":[{"id":59,"href":"https:\/\/primmoplusbau.de\/index.php?rest_route=\/wp\/v2\/pages\/51\/revisions\/59"}],"wp:attachment":[{"href":"https:\/\/primmoplusbau.de\/index.php?rest_route=%2Fwp%2Fv2%2Fmedia&parent=51"}],"curies":[{"name":"wp","href":"https:\/\/api.w.org\/{rel}","templated":true}]}}