{"id":56,"date":"2026-04-09T19:52:40","date_gmt":"2026-04-09T19:52:40","guid":{"rendered":"https:\/\/primmoplusbau.de\/?page_id=56"},"modified":"2026-04-09T19:52:44","modified_gmt":"2026-04-09T19:52:44","slug":"agbs","status":"publish","type":"page","link":"https:\/\/primmoplusbau.de\/?page_id=56","title":{"rendered":"agbs"},"content":{"rendered":"\n  \n    <section class=\"u-clearfix u-section-1\" id=\"block-1\">\n      <div class=\"u-clearfix u-sheet u-sheet-1\">\n        <h1 class=\"u-text u-text-default u-text-1\">AGB's<\/h1>\n        <div class=\"u-clearfix u-custom-html u-expanded-width u-custom-html-1\">\n          <div class=\"post-content\">\n            <p class=\"bodytext\"><b>\u00a7 1 Maklervertrag<\/b>\n            <\/p>\n            <p class=\"bodytext\">Mit der Inanspruchnahme der Nachweis- oder Vermittlungst\u00e4tigkeit bzw. mit der Anforderung von Informationen, eines Expos\u00e9s, der Durchf\u00fchrung von Objektbesichtigungen oder mit der Aufnahme von Verhandlungen mit dem Verk\u00e4ufer oder dem Vermieter oder deren Stellvertretern, eines von der PRIMMOPLUS GmbH &amp; Co. KG angebotenen Objektes, kommt der Maklervertrag mit dem Miet- oder Kaufinteressenten zu den nachfolgenden Allgemeinen Gesch\u00e4ftsbedingungen zustande.<\/p>\n            <p><b>\u00a7 2 Provisionsanspruch<\/b>\n            <\/p>\n            <p class=\"bodytext\">F\u00fcr die Vermittlung oder den Nachweis zum Abschluss von Vertr\u00e4gen erh\u00e4lt PRIMMOPLUS:<\/p>\n            <ul>\n              <li>\u2013 Bei Grundst\u00fccksverk\u00e4ufen oder dem Verkauf von Gewerber\u00e4umen, Bestands- oder Neubauimmobilien laut Vermittlungsauftrag die vereinbarte Provision\/ Courtage. Ist die H\u00f6he der Verg\u00fctung nicht bestimmt, so ist der \u00fcbliche Lohn gem\u00e4\u00df den gesetzlichen Bestimmungen der \u00a7\u00a7 652 ff. BGB als vereinbart anzusehen.<\/li>\n            <\/ul>\n            <ul>\n              <li>\u2013 Bei Vermietung von Gewerber\u00e4umen laut Vermittlungs- bzw. Suchauftrag die mit dem Eigent\u00fcmer bzw. Interessenten vereinbarte Provision\/ Verg\u00fctung. Ist die H\u00f6he der Verg\u00fctung nicht bestimmt, so ist der \u00fcbliche Lohn gem\u00e4\u00df den gesetzlichen Bestimmungen der \u00a7\u00a7 652 ff. BGB als vereinbart anzusehen.<\/li>\n            <\/ul>\n            <ul>\n              <li>\u2013 Bei Vermietung von Wohnr\u00e4umen laut Vermittlungs- bzw. Suchauftrag die mit dem Besteller vereinbarte Provision\/ Verg\u00fctung. Ist die H\u00f6he der Verg\u00fctung nicht bestimmt, so ist der \u00fcbliche Lohn gem\u00e4\u00df den gesetzlichen Bestimmungen der \u00a7\u00a7 652 ff. BGB als vereinbart anzusehen. F\u00fcr Mieter betr\u00e4gt die Provision\/ Verg\u00fctung nicht mehr als zwei Nettokaltmieten zzgl. Umsatzsteuer.<\/li>\n            <\/ul>\n            <p class=\"bodytext\">Die Provision bzw. Maklerverg\u00fctung ist mit Abschluss des Hauptvertrages (Kaufvertrag bzw. Mietvertrag) verdient und sofort zur Zahlung f\u00e4llig. Dies gilt auch f\u00fcr den Fall, dass es mit einem nachgewiesenen Interessenten oder Vertragspartner zu einem Abschluss kommt, obwohl die Vertragsverhandlungen zwischenzeitlich unterbrochen wurde und der Makler zu den sp\u00e4teren Verhandlungen nicht mehr hinzugezogen wird oder eine andere Person die Verhandlungen weiterf\u00fchrt, solange ein zeitlicher Zusammenhang zwischen dem Vertragsschluss und der T\u00e4tigkeit des Maklers besteht. Die Maklerprovision ist auch dann f\u00e4llig, wenn die T\u00e4tigkeit des Maklers nur miturs\u00e4chlich zur Unterzeichnung des Vertrages war.<\/p>\n            <p><b>\u00a7 3 Vorkenntnis<\/b>\n            <\/p>\n            <p class=\"bodytext\">Ist dem Kunden ein von PRIMMOPLUS unterbreitetes Angebot bereits bekannt, muss er diesen Umstand PRIMMOPLUS unverz\u00fcglich schriftlich unter Bekanntgabe der Quelle mitteilen. Verst\u00f6\u00dft der Kunde gegen diese Mitteilungsverpflichtung, beh\u00e4lt sich PRIMMOPLUS Schadenersatzanspr\u00fcche vor.<\/p>\n            <p><b>\u00a7 4 Doppelt\u00e4tigkeit<\/b>\n            <\/p>\n            <p class=\"bodytext\">Die PRIMMOPLUS GmbH &amp; Co KG beh\u00e4lt sich vor, bei Grundst\u00fccksverk\u00e4ufen auch f\u00fcr die andere Vertragspartei entgeltlich t\u00e4tig zu werden.<\/p>\n            <p><b>\u00a7 5 Schadenersatz<\/b>\n            <\/p>\n            <p class=\"bodytext\">Der Auftraggeber darf die von PRIMMOPLUS erhaltenen Informationen, Nachweise etc. nur mit ausdr\u00fccklicher schriftlicher Genehmigung an Dritte weiterleiten. Verst\u00f6\u00dft der Kunde gegen diese Verpflichtung, haftet er PRIMMOPLUS gegen\u00fcber auf Zahlung der entgangenen Provision dann, wenn aufgrund ungenehmigter Weitergabe ein Vertragsabschluss mit einem Dritten zustanden kommt und PRIMMOPLUS keine Provision zusteht. Weiter gehende Schadenersatzanspr\u00fcche von PRIMMOPLUS bleiben unber\u00fchrt.<\/p>\n            <p><b>\u00a7 6 Haftung<\/b>\n            <\/p>\n            <p class=\"bodytext\">Der Kunde kann Schadenersatzanspr\u00fcche gegen\u00fcber PRIMMOPLUS nur dann geltend machen, wenn PRIMMOPLUS vors\u00e4tzlich oder grob fahrl\u00e4ssig gehandelt hat. Angaben in Expos\u00e9s, Prospekten, Beschreibungen etc. beruhen ausschlie\u00dflich auf Angaben, die PRIMMOPLUS von Objektanbietern erhalten hat und werden demgem\u00e4\u00df an den Auftraggeber weitergegeben.<br> PRIMMOPLUS \u00fcbernimmt f\u00fcr die Angaben keinerlei Haftung.\n            <\/p>\n            <p><b>\u00a7 7 Geldw\u00e4schegesetz<\/b>\n            <\/p>\n            <p class=\"bodytext\">Als Immobilienmaklerunternehmen ist die Primmoplus GmbH &amp; Co. KG nach \u00a7 2 Abs. 1 Nr. 14 und \u00a7 10 Abs. 3 Geldw\u00e4schegesetz (GwG) dazu verpflichtet, bei der Begr\u00fcndung einer Gesch\u00e4ftsbeziehung die Identit\u00e4t des Vertragspartners festzustellen und zu \u00fcberpr\u00fcfen. Hierzu ist es erforderlich, dass wir nach \u00a7 11 GwG die relevanten Daten Ihres Personalausweises festhalten (wenn Sie als nat\u00fcrliche Person handeln) \u2013 beispielsweise mittels einer Kopie. Bei einer juristischen Person ben\u00f6tigen wir eine Kopie des Handelsregisterauszugs, aus welchem der wirtschaftlich Berechtigte hervorgeht. Das Geldw\u00e4schegesetz sieht vor, dass der Makler die Kopien bzw. Unterlagen f\u00fcnf Jahre aufbewahren muss. Ist der Makler nicht in der Lage, die vorgenannten Sorgfaltspflichten zu erf\u00fcllen, so darf die Gesch\u00e4ftsbeziehung nicht begr\u00fcndet oder fortgesetzt werden und es darf keine Transaktion durchgef\u00fchrt werden, \u00a7 10 Abs. 9 GwG.<\/p>\n            <p><b>\u00a7 8 Datenschutz<\/b>\n            <\/p>\n            <p class=\"bodytext\">Alle personen- und objektbezogenen Daten werden ausschlie\u00dflich nur f\u00fcr die Bearbeitung des Auftrags verwendet. Der Auftraggeber willigt der Datenweitergabe an Dritte zu, sofern dies f\u00fcr die Erf\u00fcllung des Auftrags erforderlich ist. Eine andere Weitergabe der Daten erfolgt nicht. Unsere Hinweise zum Datenschutz finden Sie auf unserer Homepage unter \u201eDatenschutz\u201c: www.primmoplus.de\/datenschutz<\/p>\n            <p><b>\u00a7 9 \u00c4nderungen und Erg\u00e4nzungen<\/b>\n            <\/p>\n            <p class=\"bodytext\">\u00c4nderungen und Erg\u00e4nzungen mit der mit PRIMMOPLUS GmbH &amp; Co. KG geschlossenen Vertr\u00e4ge bed\u00fcrfen zu ihrer Wirksamkeit der Schriftform. M\u00fcndliche Nebenabreden haben keine Wirksamkeit.<\/p>\n            <p><b>\u00a7 10 Gerichtsstand\/ Erf\u00fcllungsort<\/b>\n            <\/p>\n            <p class=\"bodytext\">Gerichtsstand und Erf\u00fcllungsort ist der Gesch\u00e4ftssitz der Firma, sofern ein Maklervertrag mit einem Vollkaufmann geschlossen wird.<\/p>\n            <p><b>\u00a7 11 Salvatorische Klausel<\/b>\n            <\/p>\n            <p class=\"bodytext\">Sollten einzelne Bestimmungen des Vertrages unwirksam sein oder werden, ber\u00fchrt dies die G\u00fcltigkeit des Vertrages oder die Wirksamkeit der \u00fcbrigen Bestimmungen nicht. Die Vertragsparteien verpflichten sich, die unwirksame Bestimmung durch eine Klausel zu ersetzen, die dem wirtschaftlichen und rechtlichen Inhalt der unwirksamen Bestimmung gerecht wird.<\/p>\n          <\/div>\n        <\/div>\n      <\/div>\n    <\/section>\n    \n    \n    \n    \n    \n  \n","protected":false},"excerpt":{"rendered":"<p>AGB&#8217;s \u00a7 1 Maklervertrag Mit der Inanspruchnahme der Nachweis- oder Vermittlungst\u00e4tigkeit bzw. mit der Anforderung von Informationen, eines Expos\u00e9s, der Durchf\u00fchrung von Objektbesichtigungen oder mit der Aufnahme von Verhandlungen mit dem Verk\u00e4ufer oder dem Vermieter oder deren Stellvertretern, eines von der PRIMMOPLUS GmbH &amp; Co. KG angebotenen Objektes, kommt der Maklervertrag mit dem Miet- oder &hellip; <a href=\"https:\/\/primmoplusbau.de\/?page_id=56\" class=\"more-link\">Continue reading<span class=\"screen-reader-text\"> &#8222;agbs&#8220;<\/span><\/a><\/p>\n","protected":false},"author":1,"featured_media":0,"parent":0,"menu_order":6,"comment_status":"closed","ping_status":"closed","template":"","meta":{"footnotes":""},"class_list":["post-56","page","type-page","status-publish","hentry"],"_links":{"self":[{"href":"https:\/\/primmoplusbau.de\/index.php?rest_route=\/wp\/v2\/pages\/56","targetHints":{"allow":["GET"]}}],"collection":[{"href":"https:\/\/primmoplusbau.de\/index.php?rest_route=\/wp\/v2\/pages"}],"about":[{"href":"https:\/\/primmoplusbau.de\/index.php?rest_route=\/wp\/v2\/types\/page"}],"author":[{"embeddable":true,"href":"https:\/\/primmoplusbau.de\/index.php?rest_route=\/wp\/v2\/users\/1"}],"replies":[{"embeddable":true,"href":"https:\/\/primmoplusbau.de\/index.php?rest_route=%2Fwp%2Fv2%2Fcomments&post=56"}],"version-history":[{"count":1,"href":"https:\/\/primmoplusbau.de\/index.php?rest_route=\/wp\/v2\/pages\/56\/revisions"}],"predecessor-version":[{"id":64,"href":"https:\/\/primmoplusbau.de\/index.php?rest_route=\/wp\/v2\/pages\/56\/revisions\/64"}],"wp:attachment":[{"href":"https:\/\/primmoplusbau.de\/index.php?rest_route=%2Fwp%2Fv2%2Fmedia&parent=56"}],"curies":[{"name":"wp","href":"https:\/\/api.w.org\/{rel}","templated":true}]}}